{"id":1683,"date":"2023-08-10T19:46:55","date_gmt":"2023-08-10T19:46:55","guid":{"rendered":"https:\/\/compraenchinaseguro.com\/?page_id=1683"},"modified":"2025-10-25T02:50:40","modified_gmt":"2025-10-25T02:50:40","slug":"planes","status":"publish","type":"page","link":"https:\/\/compraenchinaseguro.com\/","title":{"rendered":""},"content":{"rendered":"\n<div class=\"wp-block-group alignfull has-black-background-color has-text-color has-background is-layout-constrained wp-block-group-is-layout-constrained\" style=\"color:#000000\">\n<div class=\"wp-block-uagb-image aligncenter uagb-block-b9197168 wp-block-uagb-image--layout-default wp-block-uagb-image--effect-static wp-block-uagb-image--align-center\"><figure class=\"wp-block-uagb-image__figure\"><img loading=\"lazy\" decoding=\"async\" srcset=\"https:\/\/compraenchinaseguro.com\/wp-content\/uploads\/2024\/10\/COMO-COMPRAR-1080-x-783-px-e1728340270270-1024x346.png ,https:\/\/compraenchinaseguro.com\/wp-content\/uploads\/2024\/10\/COMO-COMPRAR-1080-x-783-px-e1728340270270.png 780w, https:\/\/compraenchinaseguro.com\/wp-content\/uploads\/2024\/10\/COMO-COMPRAR-1080-x-783-px-e1728340270270.png 360w\" sizes=\"auto, (max-width: 480px) 150px\" src=\"https:\/\/compraenchinaseguro.com\/wp-content\/uploads\/2024\/10\/COMO-COMPRAR-1080-x-783-px-e1728340270270-1024x346.png\" alt=\"\" class=\"uag-image-3923\" width=\"1024\" height=\"783\" title=\"COMO COMPRAR (1080 x 783 px)\" loading=\"lazy\" role=\"img\"\/><\/figure><\/div>\n\n\n\n<figure class=\"wp-block-embed is-type-video is-provider-youtube wp-block-embed-youtube wp-embed-aspect-16-9 wp-has-aspect-ratio\"><div class=\"wp-block-embed__wrapper\">\n<div class=\"ast-oembed-container \" style=\"height: 100%;\"><iframe title=\"C\u00f3mo comprar en Alibaba y enviar a Venezuela\" width=\"422\" height=\"750\" src=\"https:\/\/www.youtube.com\/embed\/GzSP0KXgdVY?feature=oembed\" frameborder=\"0\" allow=\"accelerometer; autoplay; clipboard-write; encrypted-media; gyroscope; picture-in-picture; web-share\" referrerpolicy=\"strict-origin-when-cross-origin\" allowfullscreen><\/iframe><\/div>\n<\/div><\/figure>\n\n\n\n<h4 class=\"wp-block-heading has-text-align-center has-white-color has-text-color has-link-color has-medium-font-size wp-elements-2e7680f6ec8c2a0c7c42a3ac3a4e2a29\">\u00a1Esta es la gu\u00eda que hice para contarte todos mis secretos para importar desde <em><i>CHI<\/i>NA!<\/em><\/h4>\n\n\n\n<div class=\"wp-block-buttons is-horizontal is-content-justification-center is-layout-flex wp-container-core-buttons-is-layout-1 wp-block-buttons-is-layout-flex\">\n<div class=\"wp-block-button has-custom-width wp-block-button__width-100 has-custom-font-size is-style-outline has-small-font-size is-style-outline--1\"><a class=\"wp-block-button__link has-black-color has-text-color has-background has-link-color wp-element-button\" href=\"https:\/\/compraenchinaseguro.com\/index.php\/register\/\" style=\"border-style:none;border-width:0px;border-radius:100px;background-color:#fcfa00;padding-top:var(--wp--preset--spacing--50);padding-right:0;padding-bottom:var(--wp--preset--spacing--50);padding-left:0\" target=\"_blank\" rel=\"noreferrer noopener\">\u00a1Comprar ahora por solo $50!<\/a><\/div>\n<\/div>\n\n\n\n<div style=\"height:6px\" aria-hidden=\"true\" class=\"wp-block-spacer\"><\/div>\n\n\n\n<figure class=\"wp-block-image alignwide size-large\"><img fetchpriority=\"high\" decoding=\"async\" width=\"1024\" height=\"439\" src=\"http:\/\/compraenchinaseguro.com\/wp-content\/uploads\/2024\/03\/Documento-A4-organizador-de-contrasenas-estilo-minimalista-blanco-y-negro-2-e1709677598882-1024x439.png\" alt=\"\" class=\"wp-image-3020\" srcset=\"https:\/\/compraenchinaseguro.com\/wp-content\/uploads\/2024\/03\/Documento-A4-organizador-de-contrasenas-estilo-minimalista-blanco-y-negro-2-e1709677598882-1024x439.png 1024w, https:\/\/compraenchinaseguro.com\/wp-content\/uploads\/2024\/03\/Documento-A4-organizador-de-contrasenas-estilo-minimalista-blanco-y-negro-2-e1709677598882-300x129.png 300w, https:\/\/compraenchinaseguro.com\/wp-content\/uploads\/2024\/03\/Documento-A4-organizador-de-contrasenas-estilo-minimalista-blanco-y-negro-2-e1709677598882-768x329.png 768w, https:\/\/compraenchinaseguro.com\/wp-content\/uploads\/2024\/03\/Documento-A4-organizador-de-contrasenas-estilo-minimalista-blanco-y-negro-2-e1709677598882-1320x566.png 1320w, https:\/\/compraenchinaseguro.com\/wp-content\/uploads\/2024\/03\/Documento-A4-organizador-de-contrasenas-estilo-minimalista-blanco-y-negro-2-e1709677598882-600x257.png 600w, https:\/\/compraenchinaseguro.com\/wp-content\/uploads\/2024\/03\/Documento-A4-organizador-de-contrasenas-estilo-minimalista-blanco-y-negro-2-e1709677598882.png 1413w\" sizes=\"(max-width: 1024px) 100vw, 1024px\" \/><\/figure>\n\n\n\n<div class=\"wp-block-columns alignfull has-white-color has-black-background-color has-text-color has-background is-layout-flex wp-container-core-columns-is-layout-1 wp-block-columns-is-layout-flex\">\n<div class=\"wp-block-column is-layout-flow wp-block-column-is-layout-flow\">\n<h3 class=\"wp-block-heading has-ast-global-color-4-color has-black-background-color has-text-color has-background has-link-color wp-elements-3fddea38211f858e802f0aac4cc33f60\" style=\"font-size:24px;line-height:1.3\"><strong>C\u00f3mo comprar<\/strong> en Alibaba \u2705<\/h3>\n\n\n\n<p class=\"has-white-color has-black-background-color has-text-color has-background has-link-color wp-elements-125016b8c22f9b5c318485892e5c6719\">Te ense\u00f1are a proteger tu compra, a la hora de hacer pedidos en la plataforma de Alibaba de manera segura y as\u00ed evitar estafas.<\/p>\n<\/div>\n\n\n\n<div class=\"wp-block-column is-layout-flow wp-block-column-is-layout-flow\">\n<h3 class=\"wp-block-heading has-ast-global-color-5-color has-black-background-color has-text-color has-background has-link-color wp-elements-fc1aff8ef89e5b1fb583049624d51039\" style=\"font-size:24px;line-height:1.3\"><span style=\"background-color: rgba(255, 255, 255, 0.2);\">C\u00f3mo se calcula<\/span><strong>n los env\u00edos \u2705<\/strong><\/h3>\n\n\n\n<p class=\"has-white-color has-black-background-color has-text-color has-background has-link-color wp-elements-dcf30a1da89be7d8f912cafbcb28410b\">Te ense\u00f1ar\u00e9 a sacar los costos de los env\u00edos mar\u00edtimos y a\u00e9reos directo de China a Venezuela.<\/p>\n<\/div>\n\n\n\n<div class=\"wp-block-column is-layout-flow wp-block-column-is-layout-flow\">\n<h3 class=\"wp-block-heading has-white-color has-black-background-color has-text-color has-background has-link-color wp-elements-6aacb7ad22b9e94aa5e3785092dedff9\" style=\"font-size:24px;line-height:1.3\"><strong>Convi\u00e9rtete en un <\/strong>Agente de Compras \u2705<\/h3>\n\n\n\n<p class=\"has-white-color has-black-background-color has-text-color has-background has-link-color wp-elements-19fca1321ffd1066eb4a601c10996c3a\">Te ense\u00f1are a usar Alibaba desde cero y a enviar hasta Venezuela con la modalidad Puerta a Puerta, aprender\u00e1s paso a paso sin complicaciones, haciendo que cada compra sea una experiencia fluida y sin estr\u00e9s.<\/p>\n<\/div>\n<\/div>\n\n\n\n<figure class=\"wp-block-image alignwide size-large\"><img decoding=\"async\" width=\"1024\" height=\"348\" src=\"https:\/\/compraenchinaseguro.com\/wp-content\/uploads\/2024\/03\/Documento-A4-organizador-de-contrasenas-estilo-minimalista-blanco-y-negro-3-e1709678693770-1024x348.png\" alt=\"\" class=\"wp-image-3022\" srcset=\"https:\/\/compraenchinaseguro.com\/wp-content\/uploads\/2024\/03\/Documento-A4-organizador-de-contrasenas-estilo-minimalista-blanco-y-negro-3-e1709678693770-1024x348.png 1024w, https:\/\/compraenchinaseguro.com\/wp-content\/uploads\/2024\/03\/Documento-A4-organizador-de-contrasenas-estilo-minimalista-blanco-y-negro-3-e1709678693770-300x102.png 300w, https:\/\/compraenchinaseguro.com\/wp-content\/uploads\/2024\/03\/Documento-A4-organizador-de-contrasenas-estilo-minimalista-blanco-y-negro-3-e1709678693770-768x261.png 768w, https:\/\/compraenchinaseguro.com\/wp-content\/uploads\/2024\/03\/Documento-A4-organizador-de-contrasenas-estilo-minimalista-blanco-y-negro-3-e1709678693770-1320x448.png 1320w, https:\/\/compraenchinaseguro.com\/wp-content\/uploads\/2024\/03\/Documento-A4-organizador-de-contrasenas-estilo-minimalista-blanco-y-negro-3-e1709678693770-600x204.png 600w, https:\/\/compraenchinaseguro.com\/wp-content\/uploads\/2024\/03\/Documento-A4-organizador-de-contrasenas-estilo-minimalista-blanco-y-negro-3-e1709678693770.png 1413w\" sizes=\"(max-width: 1024px) 100vw, 1024px\" \/><\/figure>\n\n\n\n<p class=\"has-text-align-center has-white-color has-black-background-color has-text-color has-background has-link-color wp-elements-1682023efdc3f64de5265f4b6689af24\">Te guiar\u00e9 personalmente en todo el proceso, asegur\u00e1ndome de que cada paso sea claro, en tus primeras compras en Alibaba.<\/p>\n<\/div>\n\n\n\n<div class=\"wp-block-group alignfull has-background-color has-ast-global-color-4-color has-black-background-color has-text-color has-background has-link-color has-medium-font-size wp-elements-6544e14b81af674676426436dfeff77f is-layout-constrained wp-container-core-group-is-layout-2 wp-block-group-is-layout-constrained\" style=\"border-style:none;border-width:0px;border-radius:0px;min-height:0px;margin-top:0;margin-bottom:0;padding-top:0;padding-right:var(--wp--preset--spacing--80);padding-bottom:0;padding-left:var(--wp--preset--spacing--80)\">\n<p class=\"has-text-align-center is-style-outline has-black-color has-text-color has-background has-link-color has-medium-font-size wp-elements-df5682db1bede34c29d89d60624de891\" style=\"border-style:none;border-width:0px;border-radius:100px;background-color:#fcfa00;padding-top:var(--wp--preset--spacing--50);padding-right:var(--wp--preset--spacing--40);padding-bottom:var(--wp--preset--spacing--50);padding-left:var(--wp--preset--spacing--40)\"><a href=\"https:\/\/compraenchinaseguro.com\/index.php\/register\/\" target=\"_blank\" rel=\"noopener\" title=\"\u00a1Comprar el curso por $20! \">\u00a1Acceder al curso! <\/a><\/p>\n\n\n\n<hr class=\"wp-block-separator has-alpha-channel-opacity\" style=\"margin-top:var(--wp--preset--spacing--80);margin-bottom:var(--wp--preset--spacing--80)\"\/>\n<\/div>\n\n\n\n<h2 class=\"wp-block-heading has-text-align-center\">Mi historia de transformaci\u00f3n<\/h2>\n\n\n\n<p class=\"has-text-align-center\">Hola, soy Donato Su\u00e1rez, oriundo de Valencia, Venezuela. Desde joven, siempre he tenido un esp\u00edritu emprendedor. A lo largo de mi camino, explor\u00e9 diferentes oportunidades como Paid To Clicks, Humanatics, Google Adsense y Localbitcoins, buscando una forma de alcanzar mis sue\u00f1os.<\/p>\n\n\n\n<p class=\"has-text-align-center\">Sin embargo, mi verdadera transformaci\u00f3n comenz\u00f3 cuando descubr\u00ed el fascinante mundo de las importaciones. Este viaje no fue f\u00e1cil; invert\u00ed m\u00e1s de $80,000 en mi aprendizaje, enfrent\u00e1ndome a m\u00faltiples estafas y desilusiones, no solo de proveedores, sino tambi\u00e9n de aquellos en quienes confi\u00e9 al principio.<\/p>\n\n\n\n<p class=\"has-text-align-center\">Hoy, despu\u00e9s de superar esos desaf\u00edos, he asumido un nuevo prop\u00f3sito: compartir mi experiencia y ense\u00f1ar a otros c\u00f3mo importar desde China de manera segura y eficaz. He aprendido que, al brindar apoyo y conocimiento a los dem\u00e1s, tambi\u00e9n recibo mucho m\u00e1s en retorno. Mi misi\u00f3n es guiar a otros hacia el \u00e9xito, ayud\u00e1ndolos a evitar los errores que yo comet\u00ed en mi camino. Juntos, podemos alcanzar un futuro m\u00e1s brillante.<\/p>\n\n\n\n<div style=\"height:61px\" aria-hidden=\"true\" class=\"wp-block-spacer\"><\/div>\n\n\n\n<h1 class=\"wp-block-heading has-text-align-center\">\u00bfPor qu\u00e9 este curso de Alibaba?<\/h1>\n\n\n\n<p class=\"has-text-align-center\">Este curso va m\u00e1s all\u00e1 de ser solo unas clases m\u00e1s sobre Alibaba; es la esencia de toda mi experiencia condensada en un camino hacia el \u00e9xito para convertirte en un emprendedor destacado.<\/p>\n\n\n\n<p class=\"has-text-align-center\">\u00a1La cima de tus sue\u00f1os te est\u00e1 esperando!<\/p>\n\n\n\n<p><\/p>\n","protected":false},"excerpt":{"rendered":"<p>\u00a1Esta es la gu\u00eda que hice para contarte todos mis secretos para importar desde CHINA! C\u00f3mo comprar en Alibaba \u2705 Te ense\u00f1are a proteger tu compra, a la hora de hacer pedidos en la plataforma de Alibaba de manera segura y as\u00ed evitar estafas. C\u00f3mo se calculan los env\u00edos \u2705 Te ense\u00f1ar\u00e9 a sacar los [&hellip;]<\/p>\n","protected":false},"author":1,"featured_media":0,"parent":0,"menu_order":0,"comment_status":"closed","ping_status":"closed","template":"","meta":{"_uag_custom_page_level_css":"","site-sidebar-layout":"default","site-content-layout":"","ast-site-content-layout":"default","site-content-style":"default","site-sidebar-style":"default","ast-global-header-display":"","ast-banner-title-visibility":"","ast-main-header-display":"","ast-hfb-above-header-display":"","ast-hfb-below-header-display":"","ast-hfb-mobile-header-display":"","site-post-title":"disabled","ast-breadcrumbs-content":"","ast-featured-img":"","footer-sml-layout":"","theme-transparent-header-meta":"","adv-header-id-meta":"","stick-header-meta":"","header-above-stick-meta":"","header-main-stick-meta":"","header-below-stick-meta":"","astra-migrate-meta-layouts":"set","ast-page-background-enabled":"default","ast-page-background-meta":{"desktop":{"background-color":"var(--ast-global-color-4)","background-image":"","background-repeat":"repeat","background-position":"center center","background-size":"auto","background-attachment":"scroll","background-type":"","background-media":"","overlay-type":"","overlay-color":"","overlay-opacity":"","overlay-gradient":""},"tablet":{"background-color":"","background-image":"","background-repeat":"repeat","background-position":"center center","background-size":"auto","background-attachment":"scroll","background-type":"","background-media":"","overlay-type":"","overlay-color":"","overlay-opacity":"","overlay-gradient":""},"mobile":{"background-color":"","background-image":"","background-repeat":"repeat","background-position":"center center","background-size":"auto","background-attachment":"scroll","background-type":"","background-media":"","overlay-type":"","overlay-color":"","overlay-opacity":"","overlay-gradient":""}},"ast-content-background-meta":{"desktop":{"background-color":"var(--ast-global-color-5)","background-image":"","background-repeat":"repeat","background-position":"center center","background-size":"auto","background-attachment":"scroll","background-type":"","background-media":"","overlay-type":"","overlay-color":"","overlay-opacity":"","overlay-gradient":""},"tablet":{"background-color":"var(--ast-global-color-5)","background-image":"","background-repeat":"repeat","background-position":"center center","background-size":"auto","background-attachment":"scroll","background-type":"","background-media":"","overlay-type":"","overlay-color":"","overlay-opacity":"","overlay-gradient":""},"mobile":{"background-color":"var(--ast-global-color-5)","background-image":"","background-repeat":"repeat","background-position":"center center","background-size":"auto","background-attachment":"scroll","background-type":"","background-media":"","overlay-type":"","overlay-color":"","overlay-opacity":"","overlay-gradient":""}},"_glsr_average":0,"_glsr_ranking":0,"_glsr_reviews":0,"footnotes":""},"class_list":["post-1683","page","type-page","status-publish","hentry"],"aioseo_notices":[],"uagb_featured_image_src":{"full":false,"thumbnail":false,"medium":false,"medium_large":false,"large":false,"1536x1536":false,"2048x2048":false,"mailpoet_newsletter_max":false,"woocommerce_thumbnail":false,"woocommerce_single":false,"woocommerce_gallery_thumbnail":false},"uagb_author_info":{"display_name":"compraenchinasegura@gmail.com","author_link":"https:\/\/compraenchinaseguro.com\/index.php\/author\/compraenchinaseguragmail-com\/"},"uagb_comment_info":0,"uagb_excerpt":"\u00a1Esta es la gu\u00eda que hice para contarte todos mis secretos para importar desde CHINA! C\u00f3mo comprar en Alibaba \u2705 Te ense\u00f1are a proteger tu compra, a la hora de hacer pedidos en la plataforma de Alibaba de manera segura y as\u00ed evitar estafas. C\u00f3mo se calculan los env\u00edos \u2705 Te ense\u00f1ar\u00e9 a sacar los&hellip;","_links":{"self":[{"href":"https:\/\/compraenchinaseguro.com\/index.php\/wp-json\/wp\/v2\/pages\/1683","targetHints":{"allow":["GET"]}}],"collection":[{"href":"https:\/\/compraenchinaseguro.com\/index.php\/wp-json\/wp\/v2\/pages"}],"about":[{"href":"https:\/\/compraenchinaseguro.com\/index.php\/wp-json\/wp\/v2\/types\/page"}],"author":[{"embeddable":true,"href":"https:\/\/compraenchinaseguro.com\/index.php\/wp-json\/wp\/v2\/users\/1"}],"replies":[{"embeddable":true,"href":"https:\/\/compraenchinaseguro.com\/index.php\/wp-json\/wp\/v2\/comments?post=1683"}],"version-history":[{"count":153,"href":"https:\/\/compraenchinaseguro.com\/index.php\/wp-json\/wp\/v2\/pages\/1683\/revisions"}],"predecessor-version":[{"id":4028,"href":"https:\/\/compraenchinaseguro.com\/index.php\/wp-json\/wp\/v2\/pages\/1683\/revisions\/4028"}],"wp:attachment":[{"href":"https:\/\/compraenchinaseguro.com\/index.php\/wp-json\/wp\/v2\/media?parent=1683"}],"curies":[{"name":"wp","href":"https:\/\/api.w.org\/{rel}","templated":true}]}}